{"id":245992,"date":"2025-10-14T11:34:18","date_gmt":"2025-10-14T09:34:18","guid":{"rendered":"https:\/\/foxtrail.ch\/produkte\/non class\u00e9\/schaffhouse-foxtrail-go\/"},"modified":"2025-10-14T11:34:18","modified_gmt":"2025-10-14T09:34:18","slug":"schaffhouse-foxtrail-go","status":"publish","type":"product","link":"https:\/\/foxtrail.ch\/fr\/produkte\/trails\/suisse-orientale\/schaffhouse-foxtrail-go\/","title":{"rendered":"Schaffhouse &#8211; Foxtrail GO"},"content":{"rendered":"<p>D\u00e9couvrez Schaffhouse d&rsquo;une toute nouvelle mani\u00e8re avec Foxtrail GO ! Ce jeu interactif transforme la ville en votre terrain de jeu personnel. Avec votre smartphone comme guide, vous vous lancerez dans un passionnant voyage d\u00e9couverte rempli d&rsquo;\u00e9nigmes complexes, d&rsquo;indices cach\u00e9s et de rebondissements surprenants. Que ce soit entre amis, en famille ou entre coll\u00e8gues, Foxtrail GO offre plaisir et suspense \u00e0 tous ceux qui souhaitent d\u00e9couvrir Schaffhouse de mani\u00e8re divertissante. Commencez quand vous le souhaitez et d\u00e9couvrez la ville \u00e0 votre rythme. Pr\u00eats pour l&rsquo;aventure ? Foxtrail GO Schaffhouse vous attend !<\/p>\n","protected":false},"excerpt":{"rendered":"<p>D\u00e9couvrez Schaffhouse d&rsquo;une toute nouvelle mani\u00e8re avec Foxtrail GO ! Ce jeu interactif transforme la ville en votre terrain de jeu personnel. Avec votre smartphone comme guide, vous vous lancerez dans un passionnant voyage d\u00e9couverte rempli d&rsquo;\u00e9nigmes complexes, d&rsquo;indices cach\u00e9s et de rebondissements surprenants. Que ce soit entre amis, en famille ou entre coll\u00e8gues, Foxtrail [&hellip;]<\/p>\n","protected":false},"featured_media":245990,"template":"","meta":{"_acf_changed":false},"product_brand":[1123],"product_cat":[629,655],"product_tag":[],"class_list":{"0":"post-245992","1":"product","2":"type-product","3":"status-publish","4":"has-post-thumbnail","6":"product_brand-foxtrail-go","7":"product_cat-trails","8":"product_cat-suisse-orientale","10":"first","11":"instock","12":"taxable","13":"shipping-taxable","14":"product-type-simple"},"acf":[],"_links":{"self":[{"href":"https:\/\/foxtrail.ch\/fr\/wp-json\/wp\/v2\/product\/245992","targetHints":{"allow":["GET"]}}],"collection":[{"href":"https:\/\/foxtrail.ch\/fr\/wp-json\/wp\/v2\/product"}],"about":[{"href":"https:\/\/foxtrail.ch\/fr\/wp-json\/wp\/v2\/types\/product"}],"wp:featuredmedia":[{"embeddable":true,"href":"https:\/\/foxtrail.ch\/fr\/wp-json\/wp\/v2\/media\/245990"}],"wp:attachment":[{"href":"https:\/\/foxtrail.ch\/fr\/wp-json\/wp\/v2\/media?parent=245992"}],"wp:term":[{"taxonomy":"product_brand","embeddable":true,"href":"https:\/\/foxtrail.ch\/fr\/wp-json\/wp\/v2\/product_brand?post=245992"},{"taxonomy":"product_cat","embeddable":true,"href":"https:\/\/foxtrail.ch\/fr\/wp-json\/wp\/v2\/product_cat?post=245992"},{"taxonomy":"product_tag","embeddable":true,"href":"https:\/\/foxtrail.ch\/fr\/wp-json\/wp\/v2\/product_tag?post=245992"}],"curies":[{"name":"wp","href":"https:\/\/api.w.org\/{rel}","templated":true}]}}