{"id":245998,"date":"2025-10-14T11:37:22","date_gmt":"2025-10-14T09:37:22","guid":{"rendered":"https:\/\/foxtrail.ch\/produkte\/non%20class\u00e9\/train-foxtrail-go\/"},"modified":"2025-10-14T12:11:32","modified_gmt":"2025-10-14T10:11:32","slug":"zug-foxtrail-go","status":"publish","type":"product","link":"https:\/\/foxtrail.ch\/fr\/produkte\/trails\/zuerich-et-environs\/zug-foxtrail-go\/","title":{"rendered":"Zug &#8211; Foxtrail GO"},"content":{"rendered":"<p>D\u00e9couvre Zoug d&rsquo;une toute nouvelle mani\u00e8re avec Foxtrail GO ! Ce jeu interactif transforme la ville en votre terrain de jeu personnel. Avec votre smartphone comme guide, vous vous lancerez dans un passionnant voyage d\u00e9couverte rempli d&rsquo;\u00e9nigmes complexes, d&rsquo;indices cach\u00e9s et de rebondissements surprenants. Que ce soit entre amis, en famille ou avec des coll\u00e8gues, Foxtrail GO offre du plaisir et de l&rsquo;excitation \u00e0 tous ceux qui souhaitent explorer Zoug de mani\u00e8re amusante. Commencez quand vous le souhaitez et d\u00e9couvrez la ville \u00e0 votre rythme. Pr\u00eats pour l&rsquo;aventure ? Le Zoug Foxtrail GO t&rsquo;attend !<\/p>\n","protected":false},"excerpt":{"rendered":"<p>D\u00e9couvre Zoug d&rsquo;une toute nouvelle mani\u00e8re avec Foxtrail GO ! Ce jeu interactif transforme la ville en votre terrain de jeu personnel. Avec votre smartphone comme guide, vous vous lancerez dans un passionnant voyage d\u00e9couverte rempli d&rsquo;\u00e9nigmes complexes, d&rsquo;indices cach\u00e9s et de rebondissements surprenants. Que ce soit entre amis, en famille ou avec des coll\u00e8gues, [&hellip;]<\/p>\n","protected":false},"featured_media":245996,"template":"","meta":{"_acf_changed":false},"product_brand":[1123],"product_cat":[642,629],"product_tag":[],"class_list":{"0":"post-245998","1":"product","2":"type-product","3":"status-publish","4":"has-post-thumbnail","6":"product_brand-foxtrail-go","7":"product_cat-zuerich-et-environs","8":"product_cat-trails","10":"first","11":"instock","12":"taxable","13":"shipping-taxable","14":"product-type-simple"},"acf":[],"_links":{"self":[{"href":"https:\/\/foxtrail.ch\/fr\/wp-json\/wp\/v2\/product\/245998","targetHints":{"allow":["GET"]}}],"collection":[{"href":"https:\/\/foxtrail.ch\/fr\/wp-json\/wp\/v2\/product"}],"about":[{"href":"https:\/\/foxtrail.ch\/fr\/wp-json\/wp\/v2\/types\/product"}],"wp:featuredmedia":[{"embeddable":true,"href":"https:\/\/foxtrail.ch\/fr\/wp-json\/wp\/v2\/media\/245996"}],"wp:attachment":[{"href":"https:\/\/foxtrail.ch\/fr\/wp-json\/wp\/v2\/media?parent=245998"}],"wp:term":[{"taxonomy":"product_brand","embeddable":true,"href":"https:\/\/foxtrail.ch\/fr\/wp-json\/wp\/v2\/product_brand?post=245998"},{"taxonomy":"product_cat","embeddable":true,"href":"https:\/\/foxtrail.ch\/fr\/wp-json\/wp\/v2\/product_cat?post=245998"},{"taxonomy":"product_tag","embeddable":true,"href":"https:\/\/foxtrail.ch\/fr\/wp-json\/wp\/v2\/product_tag?post=245998"}],"curies":[{"name":"wp","href":"https:\/\/api.w.org\/{rel}","templated":true}]}}