{"id":249100,"date":"2025-10-28T08:22:08","date_gmt":"2025-10-28T07:22:08","guid":{"rendered":"https:\/\/foxtrail.ch\/?post_type=product&#038;p=249100"},"modified":"2025-12-23T13:07:47","modified_gmt":"2025-12-23T12:07:47","slug":"bon-cadeau-dans-une-enveloppe-cadeau","status":"publish","type":"product","link":"https:\/\/foxtrail.ch\/fr\/produkte\/coupons\/bon-cadeau-dans-une-enveloppe-cadeau\/","title":{"rendered":"Bon cadeau interactif"},"content":{"rendered":"<p data-start=\"208\" data-end=\"419\">Tu veux offrir \u00e0 ta famille, tes amis ou tes coll\u00e8gues de travail une surprise qu&rsquo;ils n&rsquo;oublieront pas de sit\u00f4t ?<br data-start=\"327\" data-end=\"330\">Avec la <strong data-start=\"338\" data-end=\"377\">carte cadeau interactive Foxtrail<\/strong>, le plaisir des \u00e9nigmes commence d\u00e9j\u00e0 \u00e0 la maison !<\/p>\n<p data-start=\"421\" data-end=\"663\">Avant de pouvoir activer le code du bon, il faut d&rsquo;abord r\u00e9soudre une \u00e9nigme myst\u00e9rieuse &#8211; seuls les plus perspicaces parviendront \u00e0 trouver le bon code ! Ensuite, tu peux r\u00e9server le Foxtrail de ton choix et commencer la v\u00e9ritable aventure \u00e0 l&rsquo;ext\u00e9rieur.<\/p>\n<p>Commandez en toute simplicit\u00e9 un bon cadeau Foxtrail chez nous., et offrez \u00e0 vos amis, votre famille ou vos coll\u00e8gues de travail une surprise :<\/p>\n<ol>\n<li>Choisir le nombre de personnes<\/li>\n<li>Remplir les coordonn\u00e9es et payer en ligne<\/li>\n<li>Recevoir le bon par la poste en 2-4 jours ouvrables<\/li>\n<\/ol>\n<p>Ensuite, le\/la b\u00e9n\u00e9ficiaire du cadeau peut choisir le Foxtrail souhait\u00e9 sur notre site Internet et le r\u00e9server au moyen du code du bon ci-joint.<br \/>\n*Les bons sont transmissibles et valables 5 ans. Tu re\u00e7ois la facture directement apr\u00e8s la commande par e-mail au format PDF.<\/p>\n","protected":false},"excerpt":{"rendered":"<p>Une carte cadeau interactive o\u00f9 l&rsquo;activation du code de coupon fait d\u00e9j\u00e0 partie de l&rsquo;aventure du puzzle.<\/p>\n","protected":false},"featured_media":251079,"template":"","meta":{"_acf_changed":false},"product_brand":[],"product_cat":[1017],"product_tag":[],"class_list":{"0":"post-249100","1":"product","2":"type-product","3":"status-publish","4":"has-post-thumbnail","6":"product_cat-coupons","8":"first","9":"instock","10":"taxable","11":"shipping-taxable","12":"purchasable","13":"product-type-simple"},"acf":[],"_links":{"self":[{"href":"https:\/\/foxtrail.ch\/fr\/wp-json\/wp\/v2\/product\/249100","targetHints":{"allow":["GET"]}}],"collection":[{"href":"https:\/\/foxtrail.ch\/fr\/wp-json\/wp\/v2\/product"}],"about":[{"href":"https:\/\/foxtrail.ch\/fr\/wp-json\/wp\/v2\/types\/product"}],"wp:featuredmedia":[{"embeddable":true,"href":"https:\/\/foxtrail.ch\/fr\/wp-json\/wp\/v2\/media\/251079"}],"wp:attachment":[{"href":"https:\/\/foxtrail.ch\/fr\/wp-json\/wp\/v2\/media?parent=249100"}],"wp:term":[{"taxonomy":"product_brand","embeddable":true,"href":"https:\/\/foxtrail.ch\/fr\/wp-json\/wp\/v2\/product_brand?post=249100"},{"taxonomy":"product_cat","embeddable":true,"href":"https:\/\/foxtrail.ch\/fr\/wp-json\/wp\/v2\/product_cat?post=249100"},{"taxonomy":"product_tag","embeddable":true,"href":"https:\/\/foxtrail.ch\/fr\/wp-json\/wp\/v2\/product_tag?post=249100"}],"curies":[{"name":"wp","href":"https:\/\/api.w.org\/{rel}","templated":true}]}}