{"id":254705,"date":"2025-11-25T10:39:20","date_gmt":"2025-11-25T09:39:20","guid":{"rendered":"https:\/\/foxtrail.ch\/?post_type=product&#038;p=254705"},"modified":"2025-11-25T10:44:50","modified_gmt":"2025-11-25T09:44:50","slug":"geneve-foxtrail-go-copy","status":"publish","type":"product","link":"https:\/\/foxtrail.ch\/fr\/produkte\/trails\/suisse-romande\/geneve-foxtrail-go-copy\/","title":{"rendered":"Gen\u00e8ve &#8211; Foxtrail GO (Copy)"},"content":{"rendered":"<p>D\u00e9couvrez Gen\u00e8ve d&rsquo;une toute nouvelle mani\u00e8re avec Foxtrail GO ! Ce jeu interactif transforme la ville en votre terrain de jeu personnel. Avec votre smartphone comme guide, vous vous lancerez dans un passionnant voyage d\u00e9couverte rempli d&rsquo;\u00e9nigmes complexes, d&rsquo;indices cach\u00e9s et de rebondissements surprenants. Que ce soit entre amis, en famille ou entre coll\u00e8gues, Foxtrail GO offre plaisir et suspense \u00e0 tous ceux qui souhaitent d\u00e9couvrir Gen\u00e8ve de mani\u00e8re ludique. Commencez quand vous le souhaitez et d\u00e9couvrez la ville \u00e0 votre rythme. Pr\u00eats pour l&rsquo;aventure ? Foxtrail GO Gen\u00e8ve vous attend !<\/p>\n","protected":false},"excerpt":{"rendered":"<p>D\u00e9couvrez Gen\u00e8ve d&rsquo;une toute nouvelle mani\u00e8re avec Foxtrail GO ! Ce jeu interactif transforme la ville en votre terrain de jeu personnel. Avec votre smartphone comme guide, vous vous lancerez dans un passionnant voyage d\u00e9couverte rempli d&rsquo;\u00e9nigmes complexes, d&rsquo;indices cach\u00e9s et de rebondissements surprenants. Que ce soit entre amis, en famille ou entre coll\u00e8gues, Foxtrail [&hellip;]<\/p>\n","protected":false},"featured_media":254708,"template":"","meta":{"_acf_changed":false},"product_brand":[1123],"product_cat":[656,629],"product_tag":[],"class_list":{"0":"post-254705","1":"product","2":"type-product","3":"status-publish","4":"has-post-thumbnail","6":"product_brand-foxtrail-go","7":"product_cat-suisse-romande","8":"product_cat-trails","10":"first","11":"instock","12":"taxable","13":"shipping-taxable","14":"product-type-simple"},"acf":[],"_links":{"self":[{"href":"https:\/\/foxtrail.ch\/fr\/wp-json\/wp\/v2\/product\/254705","targetHints":{"allow":["GET"]}}],"collection":[{"href":"https:\/\/foxtrail.ch\/fr\/wp-json\/wp\/v2\/product"}],"about":[{"href":"https:\/\/foxtrail.ch\/fr\/wp-json\/wp\/v2\/types\/product"}],"wp:featuredmedia":[{"embeddable":true,"href":"https:\/\/foxtrail.ch\/fr\/wp-json\/wp\/v2\/media\/254708"}],"wp:attachment":[{"href":"https:\/\/foxtrail.ch\/fr\/wp-json\/wp\/v2\/media?parent=254705"}],"wp:term":[{"taxonomy":"product_brand","embeddable":true,"href":"https:\/\/foxtrail.ch\/fr\/wp-json\/wp\/v2\/product_brand?post=254705"},{"taxonomy":"product_cat","embeddable":true,"href":"https:\/\/foxtrail.ch\/fr\/wp-json\/wp\/v2\/product_cat?post=254705"},{"taxonomy":"product_tag","embeddable":true,"href":"https:\/\/foxtrail.ch\/fr\/wp-json\/wp\/v2\/product_tag?post=254705"}],"curies":[{"name":"wp","href":"https:\/\/api.w.org\/{rel}","templated":true}]}}