{"id":316209,"date":"2026-03-02T16:23:43","date_gmt":"2026-03-02T15:23:43","guid":{"rendered":"https:\/\/foxtrail.ch\/?post_type=product&#038;p=316209"},"modified":"2026-03-03T17:21:24","modified_gmt":"2026-03-03T16:21:24","slug":"geneve-foxtrail-go-copy-copy-copy-copy","status":"publish","type":"product","link":"https:\/\/foxtrail.ch\/fr\/produkte\/trails\/berne-et-environs\/geneve-foxtrail-go-copy-copy-copy-copy\/","title":{"rendered":"Interlaken &#8211; Foxtrail GO"},"content":{"rendered":"<p>D\u00e9couvre Interlaken d&rsquo;une toute nouvelle mani\u00e8re avec Foxtrail GO ! Ce jeu interactif transforme la ville en votre terrain de jeu personnel. Avec votre smartphone comme guide, vous vous lancerez dans un passionnant voyage d\u00e9couverte rempli d&rsquo;\u00e9nigmes complexes, d&rsquo;indices cach\u00e9s et de rebondissements surprenants. Que ce soit entre amis, en famille ou avec des coll\u00e8gues, Foxtrail GO offre du plaisir et de l&rsquo;excitation \u00e0 tous ceux qui souhaitent explorer Interlaken de mani\u00e8re amusante. Commencez quand vous le souhaitez et d\u00e9couvrez la ville \u00e0 votre rythme. Pr\u00eats pour l&rsquo;aventure ? Foxtrail GO Interlaken t&rsquo;attend !<\/p>\n","protected":false},"excerpt":{"rendered":"<p>D\u00e9couvre Interlaken d&rsquo;une toute nouvelle mani\u00e8re avec Foxtrail GO ! Ce jeu interactif transforme la ville en votre terrain de jeu personnel. Avec votre smartphone comme guide, vous vous lancerez dans un passionnant voyage d\u00e9couverte rempli d&rsquo;\u00e9nigmes complexes, d&rsquo;indices cach\u00e9s et de rebondissements surprenants. Que ce soit entre amis, en famille ou avec des coll\u00e8gues, [&hellip;]<\/p>\n","protected":false},"featured_media":316213,"template":"","meta":{"_acf_changed":false},"product_brand":[1123],"product_cat":[658,629],"product_tag":[],"class_list":{"0":"post-316209","1":"product","2":"type-product","3":"status-publish","4":"has-post-thumbnail","6":"product_brand-foxtrail-go","7":"product_cat-berne-et-environs","8":"product_cat-trails","10":"first","11":"instock","12":"taxable","13":"shipping-taxable","14":"product-type-simple"},"acf":[],"_links":{"self":[{"href":"https:\/\/foxtrail.ch\/fr\/wp-json\/wp\/v2\/product\/316209","targetHints":{"allow":["GET"]}}],"collection":[{"href":"https:\/\/foxtrail.ch\/fr\/wp-json\/wp\/v2\/product"}],"about":[{"href":"https:\/\/foxtrail.ch\/fr\/wp-json\/wp\/v2\/types\/product"}],"wp:featuredmedia":[{"embeddable":true,"href":"https:\/\/foxtrail.ch\/fr\/wp-json\/wp\/v2\/media\/316213"}],"wp:attachment":[{"href":"https:\/\/foxtrail.ch\/fr\/wp-json\/wp\/v2\/media?parent=316209"}],"wp:term":[{"taxonomy":"product_brand","embeddable":true,"href":"https:\/\/foxtrail.ch\/fr\/wp-json\/wp\/v2\/product_brand?post=316209"},{"taxonomy":"product_cat","embeddable":true,"href":"https:\/\/foxtrail.ch\/fr\/wp-json\/wp\/v2\/product_cat?post=316209"},{"taxonomy":"product_tag","embeddable":true,"href":"https:\/\/foxtrail.ch\/fr\/wp-json\/wp\/v2\/product_tag?post=316209"}],"curies":[{"name":"wp","href":"https:\/\/api.w.org\/{rel}","templated":true}]}}