{"id":373687,"date":"2026-03-17T14:28:18","date_gmt":"2026-03-17T13:28:18","guid":{"rendered":"https:\/\/foxtrail.ch\/?post_type=product&#038;p=373687"},"modified":"2026-03-17T14:29:37","modified_gmt":"2026-03-17T13:29:37","slug":"bienne-foxtrail-go-copy","status":"publish","type":"product","link":"https:\/\/foxtrail.ch\/fr\/produkte\/trails\/bale-et-environs\/bienne-foxtrail-go-copy\/","title":{"rendered":"Bienne &#8211; Foxtrail GO (Copy)"},"content":{"rendered":"<p>D\u00e9couvre Bienne d&rsquo;une toute nouvelle mani\u00e8re avec Foxtrail GO ! Ce jeu interactif transforme la ville en votre terrain de jeu personnel. Avec votre smartphone comme guide, vous vous lancerez dans un passionnant voyage d\u00e9couverte rempli d&rsquo;\u00e9nigmes complexes, d&rsquo;indices cach\u00e9s et de rebondissements surprenants. Que ce soit entre amis, en famille ou avec des coll\u00e8gues, Foxtrail GO offre du plaisir et de l&rsquo;excitation \u00e0 tous ceux qui souhaitent explorer Bienne de mani\u00e8re amusante. Commencez quand vous le souhaitez et d\u00e9couvrez la ville \u00e0 votre rythme. Pr\u00eats pour l&rsquo;aventure ? Foxtrail GO Bienne t&rsquo;attend !<\/p>\n","protected":false},"excerpt":{"rendered":"<p>D\u00e9couvre Bienne d&rsquo;une toute nouvelle mani\u00e8re avec Foxtrail GO ! Ce jeu interactif transforme la ville en votre terrain de jeu personnel. Avec votre smartphone comme guide, vous vous lancerez dans un passionnant voyage d\u00e9couverte rempli d&rsquo;\u00e9nigmes complexes, d&rsquo;indices cach\u00e9s et de rebondissements surprenants. Que ce soit entre amis, en famille ou avec des coll\u00e8gues, [&hellip;]<\/p>\n","protected":false},"featured_media":373690,"template":"","meta":{"_acf_changed":false},"product_brand":[1123],"product_cat":[657,629],"product_tag":[],"class_list":{"0":"post-373687","1":"product","2":"type-product","3":"status-publish","4":"has-post-thumbnail","6":"product_brand-foxtrail-go","7":"product_cat-bale-et-environs","8":"product_cat-trails","10":"first","11":"instock","12":"taxable","13":"shipping-taxable","14":"product-type-simple"},"acf":[],"_links":{"self":[{"href":"https:\/\/foxtrail.ch\/fr\/wp-json\/wp\/v2\/product\/373687","targetHints":{"allow":["GET"]}}],"collection":[{"href":"https:\/\/foxtrail.ch\/fr\/wp-json\/wp\/v2\/product"}],"about":[{"href":"https:\/\/foxtrail.ch\/fr\/wp-json\/wp\/v2\/types\/product"}],"wp:featuredmedia":[{"embeddable":true,"href":"https:\/\/foxtrail.ch\/fr\/wp-json\/wp\/v2\/media\/373690"}],"wp:attachment":[{"href":"https:\/\/foxtrail.ch\/fr\/wp-json\/wp\/v2\/media?parent=373687"}],"wp:term":[{"taxonomy":"product_brand","embeddable":true,"href":"https:\/\/foxtrail.ch\/fr\/wp-json\/wp\/v2\/product_brand?post=373687"},{"taxonomy":"product_cat","embeddable":true,"href":"https:\/\/foxtrail.ch\/fr\/wp-json\/wp\/v2\/product_cat?post=373687"},{"taxonomy":"product_tag","embeddable":true,"href":"https:\/\/foxtrail.ch\/fr\/wp-json\/wp\/v2\/product_tag?post=373687"}],"curies":[{"name":"wp","href":"https:\/\/api.w.org\/{rel}","templated":true}]}}