{"id":54533,"date":"2023-11-16T00:06:21","date_gmt":"2023-11-15T23:06:21","guid":{"rendered":"https:\/\/foxtrail.ch\/?post_type=product&#038;p=54533"},"modified":"2025-10-09T11:46:30","modified_gmt":"2025-10-09T09:46:30","slug":"bon-au-pdf","status":"publish","type":"product","link":"https:\/\/foxtrail.ch\/fr\/produkte\/coupons\/bon-au-pdf\/","title":{"rendered":"Bon d&rsquo;achat print@home"},"content":{"rendered":"<p>Tu es \u00e0 la recherche d&rsquo;un cadeau de derni\u00e8re minute ? Alors nos bons d&rsquo;achat Print@home sont le choix id\u00e9al pour toi. Commande confortablement depuis chez toi et re\u00e7ois ton bon d&rsquo;achat directement par e-mail. Sans aucun d\u00e9lai d&rsquo;attente, tu recevras un bon d&rsquo;achat formidable qui peut \u00eatre offert \u00e0 toutes les occasions possibles.<\/p>\n<p>C&rsquo;est aussi simple que \u00e7a de commander un bon d&rsquo;achat Print@home* :<\/p>\n<ol>\n<li>S\u00e9lectionner le nombre de poursuivants<\/li>\n<li>Remplir les coordonn\u00e9es<\/li>\n<li>R\u00e9ception de la confirmation de commande avec acc\u00e8s \u00e0 \u00ab MyAccount \u00bb<\/li>\n<li>Dans la section \u00ab MyAccount \u00bb, vous pouvez choisir entre diff\u00e9rents designs avant le t\u00e9l\u00e9chargement et, si n\u00e9cessaire, r\u00e9diger un message personnel sur le PDF.<\/li>\n<li>T\u00e9l\u00e9charger le bon personnalis\u00e9 au format PDF<\/li>\n<\/ol>\n<p>Ensuite, le\/la b\u00e9n\u00e9ficiaire du cadeau peut choisir le Foxtrail souhait\u00e9 sur notre site Internet et le r\u00e9server au moyen du code du bon ci-joint.<\/p>\n<p>*Les bons sont transmissibles et valables 5 ans.<\/p>\n","protected":false},"excerpt":{"rendered":"<p>Sous forme de PDF imprim\u00e9 \u00e0 domicile pour ceux d&rsquo;entre vous qui se d\u00e9cident \u00e0 la derni\u00e8re minute ou qui aiment bricoler. Choisis parmi diff\u00e9rents designs et ajoute ton message personnel !<\/p>\n","protected":false},"featured_media":199908,"template":"","meta":{"_acf_changed":false},"product_brand":[],"product_cat":[1017],"product_tag":[],"class_list":{"0":"post-54533","1":"product","2":"type-product","3":"status-publish","4":"has-post-thumbnail","6":"product_cat-coupons","8":"first","9":"instock","10":"downloadable","11":"virtual","12":"taxable","13":"purchasable","14":"product-type-simple"},"acf":[],"_links":{"self":[{"href":"https:\/\/foxtrail.ch\/fr\/wp-json\/wp\/v2\/product\/54533","targetHints":{"allow":["GET"]}}],"collection":[{"href":"https:\/\/foxtrail.ch\/fr\/wp-json\/wp\/v2\/product"}],"about":[{"href":"https:\/\/foxtrail.ch\/fr\/wp-json\/wp\/v2\/types\/product"}],"wp:featuredmedia":[{"embeddable":true,"href":"https:\/\/foxtrail.ch\/fr\/wp-json\/wp\/v2\/media\/199908"}],"wp:attachment":[{"href":"https:\/\/foxtrail.ch\/fr\/wp-json\/wp\/v2\/media?parent=54533"}],"wp:term":[{"taxonomy":"product_brand","embeddable":true,"href":"https:\/\/foxtrail.ch\/fr\/wp-json\/wp\/v2\/product_brand?post=54533"},{"taxonomy":"product_cat","embeddable":true,"href":"https:\/\/foxtrail.ch\/fr\/wp-json\/wp\/v2\/product_cat?post=54533"},{"taxonomy":"product_tag","embeddable":true,"href":"https:\/\/foxtrail.ch\/fr\/wp-json\/wp\/v2\/product_tag?post=54533"}],"curies":[{"name":"wp","href":"https:\/\/api.w.org\/{rel}","templated":true}]}}