{"id":54775,"date":"2023-11-15T17:18:51","date_gmt":"2023-11-15T16:18:51","guid":{"rendered":"https:\/\/foxtrail.ch\/produkte\/non%20class\u00e9\/bon-cadeau-dans-une-enveloppe-cadeau\/"},"modified":"2025-10-09T11:46:59","modified_gmt":"2025-10-09T09:46:59","slug":"bon-enveloppe-cadeau","status":"publish","type":"product","link":"https:\/\/foxtrail.ch\/fr\/produkte\/coupons\/bon-enveloppe-cadeau\/","title":{"rendered":"Bon cadeau dans une enveloppe cadeau"},"content":{"rendered":"<p>Tu veux faire une super surprise \u00e0 ta famille, tes amis ou tes coll\u00e8gues de travail ? Avec un bon Foxtrail, plus de 20 localit\u00e9s dans toute la Suisse peuvent \u00eatre d\u00e9couvertes d&rsquo;une mani\u00e8re nouvelle et passionnante. Que ce soit en ville, \u00e0 la campagne ou dans un village de montagne, il faut faire preuve d&rsquo;astuce et d&rsquo;esprit d&rsquo;\u00e9quipe pour r\u00e9soudre des \u00e9nigmes captivantes.<\/p>\n<p>Commandez en toute simplicit\u00e9 un bon cadeau Foxtrail chez nous., et offrez \u00e0 vos amis, votre famille ou vos coll\u00e8gues de travail une surprise :<\/p>\n<ol>\n<li>Choisir le nombre de personnes<\/li>\n<li>Remplir les coordonn\u00e9es et payer en ligne<\/li>\n<li>Recevoir le bon par la poste en 2-4 jours ouvrables<\/li>\n<\/ol>\n<p>Ensuite, le\/la b\u00e9n\u00e9ficiaire du cadeau peut choisir le Foxtrail souhait\u00e9 sur notre site Internet et le r\u00e9server au moyen du code du bon ci-joint.<br \/>\n*Les bons sont transmissibles et valables 5 ans. Tu re\u00e7ois la facture directement apr\u00e8s la commande par e-mail au format PDF.<\/p>\n","protected":false},"excerpt":{"rendered":"<p>Pr\u00e9sent\u00e9 dans une jolie pochette cadeau Foxtrail.<\/p>\n","protected":false},"featured_media":180393,"template":"","meta":{"_acf_changed":false},"product_brand":[],"product_cat":[1017],"product_tag":[],"class_list":{"0":"post-54775","1":"product","2":"type-product","3":"status-publish","4":"has-post-thumbnail","6":"product_cat-coupons","8":"first","9":"instock","10":"taxable","11":"shipping-taxable","12":"purchasable","13":"product-type-simple"},"acf":[],"_links":{"self":[{"href":"https:\/\/foxtrail.ch\/fr\/wp-json\/wp\/v2\/product\/54775","targetHints":{"allow":["GET"]}}],"collection":[{"href":"https:\/\/foxtrail.ch\/fr\/wp-json\/wp\/v2\/product"}],"about":[{"href":"https:\/\/foxtrail.ch\/fr\/wp-json\/wp\/v2\/types\/product"}],"wp:featuredmedia":[{"embeddable":true,"href":"https:\/\/foxtrail.ch\/fr\/wp-json\/wp\/v2\/media\/180393"}],"wp:attachment":[{"href":"https:\/\/foxtrail.ch\/fr\/wp-json\/wp\/v2\/media?parent=54775"}],"wp:term":[{"taxonomy":"product_brand","embeddable":true,"href":"https:\/\/foxtrail.ch\/fr\/wp-json\/wp\/v2\/product_brand?post=54775"},{"taxonomy":"product_cat","embeddable":true,"href":"https:\/\/foxtrail.ch\/fr\/wp-json\/wp\/v2\/product_cat?post=54775"},{"taxonomy":"product_tag","embeddable":true,"href":"https:\/\/foxtrail.ch\/fr\/wp-json\/wp\/v2\/product_tag?post=54775"}],"curies":[{"name":"wp","href":"https:\/\/api.w.org\/{rel}","templated":true}]}}