{"id":54777,"date":"2024-10-07T13:54:13","date_gmt":"2024-10-07T11:54:13","guid":{"rendered":"https:\/\/foxtrail.ch\/produkte\/non%20class\u00e9\/bon-cadeau-dans-une-boite-cadeau-boite-a-enigmes\/"},"modified":"2025-12-23T13:08:10","modified_gmt":"2025-12-23T12:08:10","slug":"bon-en-boite-cadeau","status":"publish","type":"product","link":"https:\/\/foxtrail.ch\/fr\/produkte\/coupons\/bon-en-boite-cadeau\/","title":{"rendered":"Bon cadeau dans une bo\u00eete cadeau (bo\u00eete \u00e0 \u00e9nigmes)"},"content":{"rendered":"Unsere R\u00e4tselbox ist zur\u00fcck &#8211; noch stylischer, noch kniffliger und ein echtes Highlight! Verschenke Foxtrail Gutscheine in dieser raffiniert gestalteten Box, die alles andere als leicht zu \u00f6ffnen ist. Mehrere Elemente m\u00fcssen erst bewegt werden, bevor sie sich \u00f6ffnen l\u00e4sst. Sie bringt den R\u00e4tselspass direkt ins Wohnzimmer und ist das perfekte Geschenk, um die Vorfreude auf euer n\u00e4chstes gemeinsames Foxtrail-Abenteuer auf ein neues Level zu heben.\r\n\r\nZus\u00e4tzlich legen wir zwei unserer beliebten Foxtrail-Sticker ins Paket, mit denen sich die Vorfreude nicht nur teilen, sondern auch sichtbar machen l\u00e4sst.\r\n\r\nDie R\u00e4tselbox kostet CHF 19.- plus CHF 3.70.- Versand. Innerhalb von 2-4 Arbeitstagen nach deiner Bestellung auf der Webseite, wirst du deinen Gutschein erhalten.\r\n\r\nDie Gutscheine sind f\u00fcr alle Foxtrails in der ganzen Schweiz einl\u00f6sbar.\r\n\r\n<!-- \/wp:post-content -->","protected":false},"excerpt":{"rendered":"<p>Dans une bo\u00eete \u00e0 \u00e9nigmes attrayante, qui transforme d\u00e9j\u00e0 le d\u00e9ballage en une premi\u00e8re partie de casse-t\u00eate \u00e9pineuse.<\/p>\n","protected":false},"featured_media":180387,"template":"","meta":{"_acf_changed":false},"product_brand":[],"product_cat":[1017],"product_tag":[],"class_list":{"0":"post-54777","1":"product","2":"type-product","3":"status-publish","4":"has-post-thumbnail","6":"product_cat-coupons","8":"first","9":"instock","10":"taxable","11":"shipping-taxable","12":"purchasable","13":"product-type-simple"},"acf":[],"_links":{"self":[{"href":"https:\/\/foxtrail.ch\/fr\/wp-json\/wp\/v2\/product\/54777","targetHints":{"allow":["GET"]}}],"collection":[{"href":"https:\/\/foxtrail.ch\/fr\/wp-json\/wp\/v2\/product"}],"about":[{"href":"https:\/\/foxtrail.ch\/fr\/wp-json\/wp\/v2\/types\/product"}],"wp:featuredmedia":[{"embeddable":true,"href":"https:\/\/foxtrail.ch\/fr\/wp-json\/wp\/v2\/media\/180387"}],"wp:attachment":[{"href":"https:\/\/foxtrail.ch\/fr\/wp-json\/wp\/v2\/media?parent=54777"}],"wp:term":[{"taxonomy":"product_brand","embeddable":true,"href":"https:\/\/foxtrail.ch\/fr\/wp-json\/wp\/v2\/product_brand?post=54777"},{"taxonomy":"product_cat","embeddable":true,"href":"https:\/\/foxtrail.ch\/fr\/wp-json\/wp\/v2\/product_cat?post=54777"},{"taxonomy":"product_tag","embeddable":true,"href":"https:\/\/foxtrail.ch\/fr\/wp-json\/wp\/v2\/product_tag?post=54777"}],"curies":[{"name":"wp","href":"https:\/\/api.w.org\/{rel}","templated":true}]}}